{"id":126,"date":"2021-04-18T11:03:31","date_gmt":"2021-04-18T02:03:31","guid":{"rendered":"http:\/\/piiip.com\/piiipiiip\/?page_id=126"},"modified":"2025-12-08T14:48:12","modified_gmt":"2025-12-08T05:48:12","slug":"books","status":"publish","type":"page","link":"https:\/\/piiip.com\/piiipiiip\/books\/","title":{"rendered":"books i translated"},"content":{"rendered":"<h2><span style=\"color: #003366;\">\u8a33\u66f8<br \/>\n<\/span><\/h2>\n<h3>2025\u5e745\u6708\u3010\u30ce\u30f3\u30d5\u30a3\u30af\u30b7\u30e7\u30f3\uff08\u30a8\u30c3\u30bb\u30a4\u96c6\uff09\u3011<\/h3>\n<h3><strong>\u300e\u53cd\u4e71\u306f\u7d9a\u3044\u3066\u3044\u308b\u3000\u7956\u6bcd\u30fb\u6bcd\u30fb\u5a18\u305f\u3061\u306e\u30d5\u30a7\u30df\u30cb\u30ba\u30e0\u300f<\/strong><\/h3>\n<p><img loading=\"lazy\" decoding=\"async\" class=\"alignnone size-medium wp-image-219\" src=\"https:\/\/piiip.com\/piiipiiip\/wp-content\/uploads\/5c831aac-f272-4870-8b1c-117e54527e5d-185x300.jpg\" alt=\"\" width=\"185\" height=\"300\" srcset=\"https:\/\/piiip.com\/piiipiiip\/wp-content\/uploads\/5c831aac-f272-4870-8b1c-117e54527e5d-185x300.jpg 185w, https:\/\/piiip.com\/piiipiiip\/wp-content\/uploads\/5c831aac-f272-4870-8b1c-117e54527e5d-631x1024.jpg 631w, https:\/\/piiip.com\/piiipiiip\/wp-content\/uploads\/5c831aac-f272-4870-8b1c-117e54527e5d.jpg 1233w\" sizes=\"auto, (max-width: 185px) 100vw, 185px\" \/><\/p>\n<p>\u30d5\u30a1\u30cb\u30fc\u30fb\u30a2\u30f3\u30d3\u30e7\u30fc\u30f3\u30bd\u30f3\u3001\u30b7\u30fc\u30ea\u30fb\u30a2\u30f3\u30d3\u30e7\u30fc\u30f3\u30bd\u30f3\u3001\u30a8\u30f3\u30de\u30fb\u30e4\u30f3\u30b1\u3001\u30de\u30ea\u30fc\u30a2\u30fb\u30e8\u30fc\u30f3\u30bd\u30f3\u3001\u30a8\u30ea\u30fc\u30ab\u30fb\u30bd\u30fc\u30ec\u30f3\u30bd\u30f3\u8457\u3001\u82b1\u4f1d\u793e<\/p>\n<p>\u82b1\u4f1d\u793e\u30a6\u30a7\u30d6\u30b5\u30a4\u30c8\uff1a<a href=\"https:\/\/www.kadensha.net\/book\/b10134546.html\">https:\/\/www.kadensha.net\/book\/b10134546.html<\/a><\/p>\n<p><em><strong>Uppror p\u00e5g\u00e5r: feminister i tre generationer<\/strong><\/em><strong> av Fanny Ambj\u00f6rnsson, Siri Ambj\u00f6rnsson, Emma Janke, Maria J\u00f6nsson<\/strong><strong>, Erika S\u00f6rensson, Alfabeta, 1999.<\/strong><\/p>\n<hr \/>\n<h3>2025\u5e742\u6708\u3010\u5150\u7ae5\u66f8\u30fb\u30d5\u30a3\u30af\u30b7\u30e7\u30f3\uff08\u3088\u307f\u3082\u306e\uff09\u3011<\/h3>\n<h3><strong>\u300e\u30b5\u30e1\u306e\u30a4\u30a7\u30cb\u30fc\u300f<\/strong><\/h3>\n<p><img loading=\"lazy\" decoding=\"async\" class=\"alignnone size-medium wp-image-216\" src=\"https:\/\/piiip.com\/piiipiiip\/wp-content\/uploads\/9784001160567_1_2-213x300.jpg\" alt=\"\u300e\u30b5\u30e1\u306e\u30a4\u30a7\u30cb\u30fc\u300f\u66f8\u5f71\u3001\u6c34\u8272\u306e\u80cc\u666f\u306b\u5927\u304d\u306a\u624b\u66f8\u304d\u3075\u3046\u306e\u6587\u5b57\u3067\u300c\u30b5\u30e1\u306e\u30a4\u30a7\u30cb\u30fc\u300d\u3068\u66f8\u304b\u308c\u3066\u3044\u308b\u3002\u6fc3\u3044\u6c34\u8272\u306e\u30d5\u30fc\u30c9\u3092\u304b\u3076\u3063\u305f\u30a4\u30a7\u30cb\u30fc\u306f\u6559\u5ba4\u306e\u81ea\u5e2d\u3067\u30b5\u30e1\u306e\u672c\u3092\u958b\u3044\u3066\u3044\u308b\u3002\u307e\u308f\u308a\u306b\u306f\u30bf\u30b3\u3084\u5c0f\u3055\u306a\u9b5a\u304c\u3044\u308b\u3002\u7a93\u306e\u5916\u306b\u306f\u30b5\u30e1\u304c\u898b\u3048\u308b\u3002 \" width=\"213\" height=\"300\" srcset=\"https:\/\/piiip.com\/piiipiiip\/wp-content\/uploads\/9784001160567_1_2-213x300.jpg 213w, https:\/\/piiip.com\/piiipiiip\/wp-content\/uploads\/9784001160567_1_2-728x1024.jpg 728w, https:\/\/piiip.com\/piiipiiip\/wp-content\/uploads\/9784001160567_1_2.jpg 853w\" sizes=\"auto, (max-width: 213px) 100vw, 213px\" \/><\/p>\n<p>\u30ea\u30fc\u30b5\u30fb\u30eb\u30f3\u30c9\u30de\u30eb\u30af\u4f5c\u3001\u30b7\u30e3\u30eb\u30ed\u30c3\u30c6\u30fb\u30e9\u30e1\u30eb\u7d75\u3001\u5ca9\u6ce2\u66f8\u5e97<\/p>\n<p>\u5ca9\u6ce2\u66f8\u5e97\u30a6\u30a7\u30d6\u30b5\u30a4\u30c8\uff1a<a href=\"https:\/\/www.iwanami.co.jp\/book\/b657229.html\">https:\/\/www.iwanami.co.jp\/book\/b657229.html<\/a><\/p>\n<p><strong><em>Haj-Jenny<\/em> av Lisa Lundmark, Natur &amp; Kultur, 2017.<\/strong><\/p>\n<hr \/>\n<h3>2024\u5e749\u6708\u3010\u5150\u7ae5\u66f8\u30fb\u30d5\u30a3\u30af\u30b7\u30e7\u30f3\uff08\u7d75\u672c\uff09\u3011<\/h3>\n<h3><strong>\u300e\u307c\u304f\u3089\u306b\u3067\u304d\u306a\u3044\u3053\u3068\u306f\u306a\u3044\u300f<\/strong><\/h3>\n<p><img loading=\"lazy\" decoding=\"async\" class=\"alignnone size-medium wp-image-203\" src=\"https:\/\/piiip.com\/piiipiiip\/wp-content\/uploads\/9784001127102_600-224x300.jpg\" alt=\"\" width=\"224\" height=\"300\" srcset=\"https:\/\/piiip.com\/piiipiiip\/wp-content\/uploads\/9784001127102_600-224x300.jpg 224w, https:\/\/piiip.com\/piiipiiip\/wp-content\/uploads\/9784001127102_600.jpg 600w\" sizes=\"auto, (max-width: 224px) 100vw, 224px\" \/><\/p>\n<p>\u30a8\u30fc\u30f4\u30a1\u30fb\u30ea\u30f3\u30c9\u30b9\u30c8\u30ed\u30e0\u4f5c\u3001\u5ca9\u6ce2\u66f8\u5e97<\/p>\n<p>\u5ca9\u6ce2\u66f8\u5e97\u30a6\u30a7\u30d6\u30b5\u30a4\u30c8\uff1a<a href=\"https:\/\/www.iwanami.co.jp\/book\/b650781.html\">https:\/\/www.iwanami.co.jp\/book\/b650781.html<\/a><\/p>\n<p><strong><em>Ingenting \u00e4r om\u00f6jligt f\u00f6r oss<\/em> av Eva Lindstr\u00f6m, Alfabeta, 2021.<\/strong><\/p>\n<hr \/>\n<h3><\/h3>\n<h3>2023\u5e7411\u6708\u3010\u5150\u7ae5\u66f8\u30fb\u30d5\u30a3\u30af\u30b7\u30e7\u30f3\u3011<\/h3>\n<h3><strong>\u300e\u30b7\u30fc\u30ea\u3068\u6c37\u306e\u6d77\u306e\u6d77\u8cca\u305f\u3061\u300f<\/strong><\/h3>\n<p><img loading=\"lazy\" decoding=\"async\" class=\"alignnone size-full wp-image-192\" src=\"https:\/\/piiip.com\/piiipiiip\/wp-content\/uploads\/635078.jpg\" alt=\"\" width=\"200\" height=\"283\" \/><\/p>\n<p>\u30d5\u30ea\u30fc\u30c0\u30fb\u30cb\u30eb\u30bd\u30f3\u4f5c\u3001\u30a2\u30ec\u30af\u30b5\u30f3\u30c7\u30eb\u30fb\u30e4\u30f3\u30bd\u30f3\u7d75\u3001\u5ca9\u6ce2\u66f8\u5e97<\/p>\n<p>\u5ca9\u6ce2\u66f8\u5e97\u30a6\u30a7\u30d6\u30b5\u30a4\u30c8\uff1a<a href=\"https:\/\/www.iwanami.co.jp\/book\/b635078.html\">https:\/\/www.iwanami.co.jp\/book\/b635078.html<\/a><\/p>\n<p><strong><em>Ishavspirater<\/em> av Frida Nilsson, Natur &amp; Kultur, 2015.<\/strong><\/p>\n<hr \/>\n<h3>2023\u5e746\u6708\u3010\u30ce\u30f3\u30d5\u30a3\u30af\u30b7\u30e7\u30f3\u3011<\/h3>\n<h3><strong>\u300e\u30c6\u30a3\u30e0\u3000\u30a2\u30f4\u30a3\u30fc\u30c1\u30fc\u30fb\u30aa\u30d5\u30a3\u30b7\u30e3\u30eb\u30d0\u30a4\u30aa\u30b0\u30e9\u30d5\u30a3\u300f<\/strong><\/h3>\n<p><img loading=\"lazy\" decoding=\"async\" class=\"alignnone size-medium wp-image-179\" src=\"https:\/\/piiip.com\/piiipiiip\/wp-content\/uploads\/71sewsPxi0L-207x300.jpg\" alt=\"\u30c6\u30a3\u30e0\u3000\u30a2\u30f4\u30a3\u30fc\u30c1\u30fc\u30fb\u30aa\u30d5\u30a3\u30b7\u30e3\u30eb\u30d0\u30a4\u30aa\u30b0\u30e9\u30d5\u30a3\" width=\"207\" height=\"300\" srcset=\"https:\/\/piiip.com\/piiipiiip\/wp-content\/uploads\/71sewsPxi0L-207x300.jpg 207w, https:\/\/piiip.com\/piiipiiip\/wp-content\/uploads\/71sewsPxi0L-706x1024.jpg 706w, https:\/\/piiip.com\/piiipiiip\/wp-content\/uploads\/71sewsPxi0L-768x1114.jpg 768w, https:\/\/piiip.com\/piiipiiip\/wp-content\/uploads\/71sewsPxi0L-1059x1536.jpg 1059w, https:\/\/piiip.com\/piiipiiip\/wp-content\/uploads\/71sewsPxi0L-1412x2048.jpg 1412w, https:\/\/piiip.com\/piiipiiip\/wp-content\/uploads\/71sewsPxi0L.jpg 1544w\" sizes=\"auto, (max-width: 207px) 100vw, 207px\" \/><\/p>\n<p>\u30e2\u30f3\u30b9\u30fb\u30e0\u30fc\u30bb\u30bd\u30f3\u8457\u3001\u9752\u571f\u793e<\/p>\n<p>\u9752\u571f\u793e\u30a6\u30a7\u30d6\u30b5\u30a4\u30c8\uff1a<a href=\"http:\/\/www.seidosha.co.jp\/book\/index.php?id=3816\">http:\/\/www.seidosha.co.jp\/book\/index.php?id=<strong>3816<\/strong><\/a><\/p>\n<p><strong><em>Tim &#8211; Biografi om Avicii<\/em> av M\u00e5ns Mosesson, Albert Bonniers F\u00f6rlag, 2021.<\/strong><\/p>\n<hr \/>\n<h3>2022\u5e746\u6708\u3010\u30b0\u30e9\u30d5\u30a3\u30c3\u30af\u30ce\u30d9\u30eb\u3011<\/h3>\n<h3><strong>\u300e\u6b32\u671b\u306e\u93e1\u3000\u3064\u304f\u3089\u308c\u305f\u300c\u9b45\u529b\u300d\u3068\u300c\u7406\u60f3\u300d\u300f<\/strong><\/h3>\n<p><img loading=\"lazy\" decoding=\"async\" class=\"alignnone size-medium wp-image-163\" src=\"https:\/\/piiip.com\/piiipiiip\/wp-content\/uploads\/img_9784763420121_1-216x300.jpg\" alt=\"\" width=\"216\" height=\"300\" srcset=\"https:\/\/piiip.com\/piiipiiip\/wp-content\/uploads\/img_9784763420121_1-216x300.jpg 216w, https:\/\/piiip.com\/piiipiiip\/wp-content\/uploads\/img_9784763420121_1-739x1024.jpg 739w, https:\/\/piiip.com\/piiipiiip\/wp-content\/uploads\/img_9784763420121_1-768x1064.jpg 768w, https:\/\/piiip.com\/piiipiiip\/wp-content\/uploads\/img_9784763420121_1-1108x1536.jpg 1108w, https:\/\/piiip.com\/piiipiiip\/wp-content\/uploads\/img_9784763420121_1.jpg 1443w\" sizes=\"auto, (max-width: 216px) 100vw, 216px\" \/><\/p>\n<p>\u30ea\u30fc\u30f4\u30fb\u30b9\u30c8\u30ed\u30fc\u30e0\u30af\u30f4\u30a3\u30b9\u30c8\u4f5c\u3001\u82b1\u4f1d\u793e<\/p>\n<p>\u82b1\u4f1d\u793e\u30a6\u30a7\u30d6\u30b5\u30a4\u30c8\uff1a<a href=\"http:\/\/www.kadensha.net\/books\/2022\/202206yokubounokagami.html\">http:\/\/www.kadensha.net\/books\/2022\/202206yokubounokagami.html<\/a><\/p>\n<p><strong><em>Inne i spegelsalen<\/em> av Liv Str\u00f6mquist, Norstedts, 2021.<\/strong><\/p>\n<hr \/>\n<h3>2021\u5e744\u6708\u3010\u5150\u7ae5\u66f8\u30fb\u30d5\u30a3\u30af\u30b7\u30e7\u30f3\u3011<\/h3>\n<h3><strong>\u300e\u30b4\u30ea\u30e9\u30f3\u3068\u308f\u305f\u3057\u300f<\/strong><br \/>\n<img loading=\"lazy\" decoding=\"async\" class=\"alignnone size-medium wp-image-127\" src=\"https:\/\/piiip.com\/piiipiiip\/wp-content\/uploads\/1160250-210x300.jpg\" alt=\"\u300e\u30b4\u30ea\u30e9\u30f3\u3068\u308f\u305f\u3057\u300f\u66f8\u5f71\" width=\"210\" height=\"300\" srcset=\"https:\/\/piiip.com\/piiipiiip\/wp-content\/uploads\/1160250-210x300.jpg 210w, https:\/\/piiip.com\/piiipiiip\/wp-content\/uploads\/1160250-717x1024.jpg 717w, https:\/\/piiip.com\/piiipiiip\/wp-content\/uploads\/1160250-768x1097.jpg 768w, https:\/\/piiip.com\/piiipiiip\/wp-content\/uploads\/1160250-1075x1536.jpg 1075w, https:\/\/piiip.com\/piiipiiip\/wp-content\/uploads\/1160250-1433x2048.jpg 1433w, https:\/\/piiip.com\/piiipiiip\/wp-content\/uploads\/1160250-scaled.jpg 1791w\" sizes=\"auto, (max-width: 210px) 100vw, 210px\" \/><\/h3>\n<p>\u30d5\u30ea\u30fc\u30c0\u30fb\u4e8c\u30eb\u30bd\u30f3\u4f5c\u3001\u306a\u304c\u3057\u307e\u3072\u308d\u307f\u7d75\u3001\u5ca9\u6ce2\u66f8\u5e97<br \/>\n\u5ca9\u6ce2\u66f8\u5e97\u30a6\u30a7\u30d6\u30b5\u30a4\u30c8\uff1a<a href=\"https:\/\/www.iwanami.co.jp\/book\/b570598.html\">https:\/\/www.iwanami.co.jp\/book\/b570598.html<\/a><\/p>\n<p><strong><em>Aptj\u00e4rnan<\/em> av Frida Nilsson, Natur &amp; Kultur, 2005.<\/strong><\/p>\n<hr \/>\n<h3>2021\u5e742\u6708\u3010\u30b0\u30e9\u30d5\u30a3\u30c3\u30af\u30ce\u30d9\u30eb\u3011<\/h3>\n<h3><strong>\u300e21\u4e16\u7d00\u306e\u604b\u611b\u3000\u3044\u3061\u3070\u3093\u8d64\u3044\u8594\u8587\u304c\u54b2\u304f\u300f<\/strong><\/h3>\n<h3><img loading=\"lazy\" decoding=\"async\" class=\"alignnone size-medium wp-image-128\" src=\"https:\/\/piiip.com\/piiipiiip\/wp-content\/uploads\/picture_pc_fb2a0500bea65ab4fd0a7e892679c9d1-216x300.jpg\" alt=\"\u300e21\u4e16\u7d00\u306e\u604b\u611b\u300f\u66f8\u5f71\" width=\"216\" height=\"300\" srcset=\"https:\/\/piiip.com\/piiipiiip\/wp-content\/uploads\/picture_pc_fb2a0500bea65ab4fd0a7e892679c9d1-216x300.jpg 216w, https:\/\/piiip.com\/piiipiiip\/wp-content\/uploads\/picture_pc_fb2a0500bea65ab4fd0a7e892679c9d1-737x1024.jpg 737w, https:\/\/piiip.com\/piiipiiip\/wp-content\/uploads\/picture_pc_fb2a0500bea65ab4fd0a7e892679c9d1-768x1068.jpg 768w, https:\/\/piiip.com\/piiipiiip\/wp-content\/uploads\/picture_pc_fb2a0500bea65ab4fd0a7e892679c9d1.jpg 800w\" sizes=\"auto, (max-width: 216px) 100vw, 216px\" \/><\/h3>\n<p>\u30ea\u30fc\u30f4\u30fb\u30b9\u30c8\u30ed\u30fc\u30e0\u30af\u30f4\u30a3\u30b9\u30c8\u4f5c\u3001\u82b1\u4f1d\u793e<br \/>\n\u82b1\u4f1d\u793e\u30a6\u30a7\u30d6\u30b5\u30a4\u30c8\uff1a<a href=\"http:\/\/www.kadensha.net\/books\/2021\/202102nijuuisseikinorenai.html\">http:\/\/www.kadensha.net\/books\/2021\/202102nijuuisseikinorenai.html<\/a><\/p>\n<p>\u82b1\u4f1d\u793enote\u7d39\u4ecb\u8a18\u4e8b\uff1a<a href=\"https:\/\/note.com\/kadensha\/n\/n97dce58f0dcc\">https:\/\/note.com\/kadensha\/n\/n97dce58f0dcc<\/a><\/p>\n<p><strong><em>Den r\u00f6daste rosen sl\u00e5r ut<\/em> av Liv Str\u00f6mquist, Galago, 2019.<\/strong><\/p>\n","protected":false},"excerpt":{"rendered":"<p>\u8a33\u66f8 2025\u5e745\u6708\u3010\u30ce\u30f3\u30d5\u30a3\u30af\u30b7\u30e7\u30f3\uff08\u30a8\u30c3\u30bb\u30a4\u96c6\uff09\u3011 \u300e\u53cd\u4e71\u306f\u7d9a\u3044\u3066\u3044\u308b\u3000\u7956\u6bcd\u30fb\u6bcd\u30fb\u5a18\u305f\u3061\u306e\u30d5\u30a7\u30df\u30cb\u30ba\u30e0\u300f \u30d5\u30a1\u30cb\u30fc\u30fb\u30a2\u30f3\u30d3\u30e7\u30fc\u30f3\u30bd\u30f3\u3001\u30b7\u30fc\u30ea\u30fb\u30a2\u30f3\u30d3\u30e7\u30fc\u30f3\u30bd\u30f3\u3001\u30a8\u30f3\u30de\u30fb\u30e4\u30f3\u30b1\u3001\u30de\u30ea\u30fc\u30a2\u30fb\u30e8\u30fc\u30f3\u30bd\u30f3\u3001\u30a8\u30ea\u30fc\u30ab\u30fb\u30bd\u30fc\u30ec\u30f3&hellip; <\/p>\n","protected":false},"author":1,"featured_media":0,"parent":0,"menu_order":0,"comment_status":"closed","ping_status":"closed","template":"","meta":{"footnotes":""},"class_list":["post-126","page","type-page","status-publish","hentry"],"_links":{"self":[{"href":"https:\/\/piiip.com\/piiipiiip\/wp-json\/wp\/v2\/pages\/126","targetHints":{"allow":["GET"]}}],"collection":[{"href":"https:\/\/piiip.com\/piiipiiip\/wp-json\/wp\/v2\/pages"}],"about":[{"href":"https:\/\/piiip.com\/piiipiiip\/wp-json\/wp\/v2\/types\/page"}],"author":[{"embeddable":true,"href":"https:\/\/piiip.com\/piiipiiip\/wp-json\/wp\/v2\/users\/1"}],"replies":[{"embeddable":true,"href":"https:\/\/piiip.com\/piiipiiip\/wp-json\/wp\/v2\/comments?post=126"}],"version-history":[{"count":19,"href":"https:\/\/piiip.com\/piiipiiip\/wp-json\/wp\/v2\/pages\/126\/revisions"}],"predecessor-version":[{"id":228,"href":"https:\/\/piiip.com\/piiipiiip\/wp-json\/wp\/v2\/pages\/126\/revisions\/228"}],"wp:attachment":[{"href":"https:\/\/piiip.com\/piiipiiip\/wp-json\/wp\/v2\/media?parent=126"}],"curies":[{"name":"wp","href":"https:\/\/api.w.org\/{rel}","templated":true}]}}